{"id":34,"date":"2024-06-14T08:20:59","date_gmt":"2024-06-14T08:20:59","guid":{"rendered":"https:\/\/academiacharlotte.rkinformatika.online\/?page_id=34"},"modified":"2026-02-16T09:04:14","modified_gmt":"2026-02-16T09:04:14","slug":"clases-para-particulares","status":"publish","type":"page","link":"https:\/\/academiacharlotte.com\/eu\/clases-para-particulares\/","title":{"rendered":"Clases para particulares"},"content":{"rendered":"<div data-elementor-type=\"wp-page\" data-elementor-id=\"34\" class=\"elementor elementor-34\" data-elementor-post-type=\"page\">\n\t\t\t\t\t\t<section class=\"elementor-section elementor-top-section elementor-element elementor-element-697ddac elementor-section-content-middle elementor-section-boxed elementor-section-height-default elementor-section-height-default\" data-id=\"697ddac\" data-element_type=\"section\" data-e-type=\"section\" data-settings=\"{&quot;background_background&quot;:&quot;classic&quot;}\">\n\t\t\t\t\t\t\t<div class=\"elementor-background-overlay\"><\/div>\n\t\t\t\t\t\t\t<div class=\"elementor-container elementor-column-gap-no\">\n\t\t\t\t\t<div class=\"elementor-column elementor-col-50 elementor-top-column elementor-element elementor-element-76eefb8\" data-id=\"76eefb8\" data-element_type=\"column\" data-e-type=\"column\">\n\t\t\t<div class=\"elementor-widget-wrap\">\n\t\t\t\t\t\t\t<\/div>\n\t\t<\/div>\n\t\t\t\t<div class=\"elementor-column elementor-col-50 elementor-top-column elementor-element elementor-element-9def590\" data-id=\"9def590\" data-element_type=\"column\" data-e-type=\"column\">\n\t\t\t<div class=\"elementor-widget-wrap\">\n\t\t\t\t\t\t\t<\/div>\n\t\t<\/div>\n\t\t\t\t\t<\/div>\n\t\t<\/section>\n\t\t\t\t<section class=\"elementor-section elementor-top-section elementor-element elementor-element-dbc3514 elementor-section-boxed elementor-section-height-default elementor-section-height-default\" data-id=\"dbc3514\" data-element_type=\"section\" data-e-type=\"section\">\n\t\t\t\t\t\t<div class=\"elementor-container elementor-column-gap-no\">\n\t\t\t\t\t<div class=\"elementor-column elementor-col-50 elementor-top-column elementor-element elementor-element-d5221ec\" data-id=\"d5221ec\" data-element_type=\"column\" data-e-type=\"column\">\n\t\t\t<div class=\"elementor-widget-wrap elementor-element-populated\">\n\t\t\t\t\t\t<section class=\"elementor-section elementor-inner-section elementor-element elementor-element-b3e93f7 elementor-section-boxed elementor-section-height-default elementor-section-height-default\" data-id=\"b3e93f7\" data-element_type=\"section\" data-e-type=\"section\">\n\t\t\t\t\t\t<div class=\"elementor-container elementor-column-gap-no\">\n\t\t\t\t\t<div class=\"elementor-column elementor-col-100 elementor-inner-column elementor-element elementor-element-8e985bd\" data-id=\"8e985bd\" data-element_type=\"column\" data-e-type=\"column\">\n\t\t\t<div class=\"elementor-widget-wrap elementor-element-populated\">\n\t\t\t\t\t\t<div class=\"elementor-element elementor-element-e6dcc3b elementor-invisible elementor-widget elementor-widget-heading\" data-id=\"e6dcc3b\" data-element_type=\"widget\" data-e-type=\"widget\" data-settings=\"{&quot;_animation&quot;:&quot;fadeInDown&quot;}\" data-widget_type=\"heading.default\">\n\t\t\t\t<div class=\"elementor-widget-container\">\n\t\t\t\t\t<h2 class=\"elementor-heading-title elementor-size-default\">Klase partikularrak<\/h2>\t\t\t\t<\/div>\n\t\t\t\t<\/div>\n\t\t\t\t<div class=\"elementor-element elementor-element-be985ba elementor-widget__width-initial elementor-invisible elementor-widget elementor-widget-text-editor\" data-id=\"be985ba\" data-element_type=\"widget\" data-e-type=\"widget\" data-settings=\"{&quot;_animation&quot;:&quot;fadeInUp&quot;}\" data-widget_type=\"text-editor.default\">\n\t\t\t\t<div class=\"elementor-widget-container\">\n\t\t\t\t\t\t\t\t\t<p>&#8211; Clases para adultos o ni\u00f1os<\/p><p>&#8211; Horario flexible<\/p><p>&#8211; Clases personalizadas seg\u00fan sus necesidades y objetivos espec\u00edficos<\/p><p>&#8211; Atenci\u00f3n individual<\/p><p>&#8211; Profesora nativa<\/p>\t\t\t\t\t\t\t\t<\/div>\n\t\t\t\t<\/div>\n\t\t\t\t\t<\/div>\n\t\t<\/div>\n\t\t\t\t\t<\/div>\n\t\t<\/section>\n\t\t\t\t<div class=\"elementor-element elementor-element-2169f4f elementor-invisible elementor-widget elementor-widget-button\" data-id=\"2169f4f\" data-element_type=\"widget\" data-e-type=\"widget\" data-settings=\"{&quot;_animation&quot;:&quot;zoomIn&quot;}\" data-widget_type=\"button.default\">\n\t\t\t\t<div class=\"elementor-widget-container\">\n\t\t\t\t\t\t\t\t\t<div class=\"elementor-button-wrapper\">\n\t\t\t\t\t<a class=\"elementor-button elementor-button-link elementor-size-sm elementor-animation-bob\" href=\"https:\/\/academiacharlotte.com\/eu\/contactos\/\">\n\t\t\t\t\t\t<span class=\"elementor-button-content-wrapper\">\n\t\t\t\t\t\t<span class=\"elementor-button-icon\">\n\t\t\t\t<svg aria-hidden=\"true\" class=\"e-font-icon-svg e-fas-angle-right\" viewbox=\"0 0 256 512\" xmlns=\"http:\/\/www.w3.org\/2000\/svg\"><path d=\"M224.3 273l-136 136c-9.4 9.4-24.6 9.4-33.9 0l-22.6-22.6c-9.4-9.4-9.4-24.6 0-33.9l96.4-96.4-96.4-96.4c-9.4-9.4-9.4-24.6 0-33.9L54.3 103c9.4-9.4 24.6-9.4 33.9 0l136 136c9.5 9.4 9.5 24.6.1 34z\"><\/path><\/svg>\t\t\t<\/span>\n\t\t\t\t\t\t\t\t\t<span class=\"elementor-button-text\">Informazio gehiago<\/span>\n\t\t\t\t\t<\/span>\n\t\t\t\t\t<\/a>\n\t\t\t\t<\/div>\n\t\t\t\t\t\t\t\t<\/div>\n\t\t\t\t<\/div>\n\t\t\t\t\t<\/div>\n\t\t<\/div>\n\t\t\t\t<div class=\"elementor-column elementor-col-50 elementor-top-column elementor-element elementor-element-f428c2d\" data-id=\"f428c2d\" data-element_type=\"column\" data-e-type=\"column\">\n\t\t\t<div class=\"elementor-widget-wrap elementor-element-populated\">\n\t\t\t\t\t\t<div class=\"elementor-element elementor-element-e356886 elementor-widget__width-initial elementor-widget elementor-widget-image\" data-id=\"e356886\" data-element_type=\"widget\" data-e-type=\"widget\" data-widget_type=\"image.default\">\n\t\t\t\t<div class=\"elementor-widget-container\">\n\t\t\t\t\t\t\t\t\t\t\t\t\t\t\t<img fetchpriority=\"high\" decoding=\"async\" width=\"768\" height=\"768\" src=\"https:\/\/academiacharlotte.com\/wp-content\/uploads\/2024\/06\/1079n6-768x768.png\" class=\"attachment-medium_large size-medium_large wp-image-550\" alt=\"\" srcset=\"https:\/\/academiacharlotte.com\/wp-content\/uploads\/2024\/06\/1079n6-768x768.png 768w, https:\/\/academiacharlotte.com\/wp-content\/uploads\/2024\/06\/1079n6-300x300.png 300w, https:\/\/academiacharlotte.com\/wp-content\/uploads\/2024\/06\/1079n6-1024x1024.png 1024w, https:\/\/academiacharlotte.com\/wp-content\/uploads\/2024\/06\/1079n6-150x150.png 150w, https:\/\/academiacharlotte.com\/wp-content\/uploads\/2024\/06\/1079n6-1536x1536.png 1536w, https:\/\/academiacharlotte.com\/wp-content\/uploads\/2024\/06\/1079n6-12x12.png 12w, https:\/\/academiacharlotte.com\/wp-content\/uploads\/2024\/06\/1079n6.png 1669w\" sizes=\"(max-width: 768px) 100vw, 768px\" \/>\t\t\t\t\t\t\t\t\t\t\t\t\t\t\t<\/div>\n\t\t\t\t<\/div>\n\t\t\t\t\t<\/div>\n\t\t<\/div>\n\t\t\t\t\t<\/div>\n\t\t<\/section>\n\t\t\t\t<\/div>","protected":false},"excerpt":{"rendered":"<p>Clases particulares &#8211; Clases para adultos o ni\u00f1os &#8211; Horario flexible &#8211; Clases personalizadas seg\u00fan sus necesidades y objetivos espec\u00edficos &#8211; Atenci\u00f3n individual &#8211; Profesora nativa M\u00e1s informaci\u00f3n<\/p>","protected":false},"author":1,"featured_media":0,"parent":0,"menu_order":0,"comment_status":"closed","ping_status":"closed","template":"elementor_canvas","meta":{"footnotes":""},"class_list":["post-34","page","type-page","status-publish","hentry"],"yoast_head":"<!-- This site is optimized with the Yoast SEO plugin v27.3 - https:\/\/yoast.com\/product\/yoast-seo-wordpress\/ -->\n<title>Clases para particulares - Academia Charlotte<\/title>\n<meta name=\"robots\" content=\"index, follow, max-snippet:-1, max-image-preview:large, max-video-preview:-1\" \/>\n<link rel=\"canonical\" href=\"https:\/\/academiacharlotte.com\/eu\/clases-para-particulares\/\" \/>\n<meta property=\"og:locale\" content=\"en_US\" \/>\n<meta property=\"og:type\" content=\"article\" \/>\n<meta property=\"og:title\" content=\"Clases para particulares - Academia Charlotte\" \/>\n<meta property=\"og:description\" content=\"Clases particulares &#8211; Clases para adultos o ni\u00f1os &#8211; Horario flexible &#8211; Clases personalizadas seg\u00fan sus necesidades y objetivos espec\u00edficos &#8211; Atenci\u00f3n individual &#8211; Profesora nativa M\u00e1s informaci\u00f3n\" \/>\n<meta property=\"og:url\" content=\"https:\/\/academiacharlotte.com\/eu\/clases-para-particulares\/\" \/>\n<meta property=\"og:site_name\" content=\"Academia Charlotte\" \/>\n<meta property=\"article:modified_time\" content=\"2026-02-16T09:04:14+00:00\" \/>\n<meta property=\"og:image\" content=\"https:\/\/academiacharlotte.com\/wp-content\/uploads\/2024\/06\/1079n6-1024x1024.png\" \/>\n\t<meta property=\"og:image:width\" content=\"1024\" \/>\n\t<meta property=\"og:image:height\" content=\"1024\" \/>\n\t<meta property=\"og:image:type\" content=\"image\/png\" \/>\n<meta name=\"twitter:card\" content=\"summary_large_image\" \/>\n<meta name=\"twitter:label1\" content=\"Est. reading time\" \/>\n\t<meta name=\"twitter:data1\" content=\"1 minutua\" \/>\n<script type=\"application\/ld+json\" class=\"yoast-schema-graph\">{\"@context\":\"https:\\\/\\\/schema.org\",\"@graph\":[{\"@type\":\"WebPage\",\"@id\":\"https:\\\/\\\/academiacharlotte.com\\\/clases-para-particulares\\\/\",\"url\":\"https:\\\/\\\/academiacharlotte.com\\\/clases-para-particulares\\\/\",\"name\":\"Clases para particulares - Academia Charlotte\",\"isPartOf\":{\"@id\":\"https:\\\/\\\/academiacharlotte.com\\\/#website\"},\"primaryImageOfPage\":{\"@id\":\"https:\\\/\\\/academiacharlotte.com\\\/clases-para-particulares\\\/#primaryimage\"},\"image\":{\"@id\":\"https:\\\/\\\/academiacharlotte.com\\\/clases-para-particulares\\\/#primaryimage\"},\"thumbnailUrl\":\"https:\\\/\\\/academiacharlotte.com\\\/wp-content\\\/uploads\\\/2024\\\/06\\\/1079n6-768x768.png\",\"datePublished\":\"2024-06-14T08:20:59+00:00\",\"dateModified\":\"2026-02-16T09:04:14+00:00\",\"breadcrumb\":{\"@id\":\"https:\\\/\\\/academiacharlotte.com\\\/clases-para-particulares\\\/#breadcrumb\"},\"inLanguage\":\"eu\",\"potentialAction\":[{\"@type\":\"ReadAction\",\"target\":[\"https:\\\/\\\/academiacharlotte.com\\\/clases-para-particulares\\\/\"]}]},{\"@type\":\"ImageObject\",\"inLanguage\":\"eu\",\"@id\":\"https:\\\/\\\/academiacharlotte.com\\\/clases-para-particulares\\\/#primaryimage\",\"url\":\"https:\\\/\\\/academiacharlotte.com\\\/wp-content\\\/uploads\\\/2024\\\/06\\\/1079n6-768x768.png\",\"contentUrl\":\"https:\\\/\\\/academiacharlotte.com\\\/wp-content\\\/uploads\\\/2024\\\/06\\\/1079n6-768x768.png\"},{\"@type\":\"BreadcrumbList\",\"@id\":\"https:\\\/\\\/academiacharlotte.com\\\/clases-para-particulares\\\/#breadcrumb\",\"itemListElement\":[{\"@type\":\"ListItem\",\"position\":1,\"name\":\"Portada\",\"item\":\"https:\\\/\\\/academiacharlotte.com\\\/\"},{\"@type\":\"ListItem\",\"position\":2,\"name\":\"Clases para particulares\"}]},{\"@type\":\"WebSite\",\"@id\":\"https:\\\/\\\/academiacharlotte.com\\\/#website\",\"url\":\"https:\\\/\\\/academiacharlotte.com\\\/\",\"name\":\"Academia Charlotte\",\"description\":\"\",\"publisher\":{\"@id\":\"https:\\\/\\\/academiacharlotte.com\\\/#organization\"},\"potentialAction\":[{\"@type\":\"SearchAction\",\"target\":{\"@type\":\"EntryPoint\",\"urlTemplate\":\"https:\\\/\\\/academiacharlotte.com\\\/?s={search_term_string}\"},\"query-input\":{\"@type\":\"PropertyValueSpecification\",\"valueRequired\":true,\"valueName\":\"search_term_string\"}}],\"inLanguage\":\"eu\"},{\"@type\":\"Organization\",\"@id\":\"https:\\\/\\\/academiacharlotte.com\\\/#organization\",\"name\":\"Academia Charlotte\",\"url\":\"https:\\\/\\\/academiacharlotte.com\\\/\",\"logo\":{\"@type\":\"ImageObject\",\"inLanguage\":\"eu\",\"@id\":\"https:\\\/\\\/academiacharlotte.com\\\/#\\\/schema\\\/logo\\\/image\\\/\",\"url\":\"https:\\\/\\\/academiacharlotte.com\\\/wp-content\\\/uploads\\\/2024\\\/06\\\/logo-trans.png\",\"contentUrl\":\"https:\\\/\\\/academiacharlotte.com\\\/wp-content\\\/uploads\\\/2024\\\/06\\\/logo-trans.png\",\"width\":1080,\"height\":540,\"caption\":\"Academia Charlotte\"},\"image\":{\"@id\":\"https:\\\/\\\/academiacharlotte.com\\\/#\\\/schema\\\/logo\\\/image\\\/\"}}]}<\/script>\n<!-- \/ Yoast SEO plugin. -->","yoast_head_json":{"title":"Clases para particulares - Academia Charlotte","robots":{"index":"index","follow":"follow","max-snippet":"max-snippet:-1","max-image-preview":"max-image-preview:large","max-video-preview":"max-video-preview:-1"},"canonical":"https:\/\/academiacharlotte.com\/eu\/clases-para-particulares\/","og_locale":"en_US","og_type":"article","og_title":"Clases para particulares - Academia Charlotte","og_description":"Clases particulares &#8211; Clases para adultos o ni\u00f1os &#8211; Horario flexible &#8211; Clases personalizadas seg\u00fan sus necesidades y objetivos espec\u00edficos &#8211; Atenci\u00f3n individual &#8211; Profesora nativa M\u00e1s informaci\u00f3n","og_url":"https:\/\/academiacharlotte.com\/eu\/clases-para-particulares\/","og_site_name":"Academia Charlotte","article_modified_time":"2026-02-16T09:04:14+00:00","og_image":[{"width":1024,"height":1024,"url":"https:\/\/academiacharlotte.com\/wp-content\/uploads\/2024\/06\/1079n6-1024x1024.png","type":"image\/png"}],"twitter_card":"summary_large_image","twitter_misc":{"Est. reading time":"1 minutua"},"schema":{"@context":"https:\/\/schema.org","@graph":[{"@type":"WebPage","@id":"https:\/\/academiacharlotte.com\/clases-para-particulares\/","url":"https:\/\/academiacharlotte.com\/clases-para-particulares\/","name":"Clases para particulares - Academia Charlotte","isPartOf":{"@id":"https:\/\/academiacharlotte.com\/#website"},"primaryImageOfPage":{"@id":"https:\/\/academiacharlotte.com\/clases-para-particulares\/#primaryimage"},"image":{"@id":"https:\/\/academiacharlotte.com\/clases-para-particulares\/#primaryimage"},"thumbnailUrl":"https:\/\/academiacharlotte.com\/wp-content\/uploads\/2024\/06\/1079n6-768x768.png","datePublished":"2024-06-14T08:20:59+00:00","dateModified":"2026-02-16T09:04:14+00:00","breadcrumb":{"@id":"https:\/\/academiacharlotte.com\/clases-para-particulares\/#breadcrumb"},"inLanguage":"eu","potentialAction":[{"@type":"ReadAction","target":["https:\/\/academiacharlotte.com\/clases-para-particulares\/"]}]},{"@type":"ImageObject","inLanguage":"eu","@id":"https:\/\/academiacharlotte.com\/clases-para-particulares\/#primaryimage","url":"https:\/\/academiacharlotte.com\/wp-content\/uploads\/2024\/06\/1079n6-768x768.png","contentUrl":"https:\/\/academiacharlotte.com\/wp-content\/uploads\/2024\/06\/1079n6-768x768.png"},{"@type":"BreadcrumbList","@id":"https:\/\/academiacharlotte.com\/clases-para-particulares\/#breadcrumb","itemListElement":[{"@type":"ListItem","position":1,"name":"Portada","item":"https:\/\/academiacharlotte.com\/"},{"@type":"ListItem","position":2,"name":"Clases para particulares"}]},{"@type":"WebSite","@id":"https:\/\/academiacharlotte.com\/#website","url":"https:\/\/academiacharlotte.com\/","name":"Academia Charlotte","description":"","publisher":{"@id":"https:\/\/academiacharlotte.com\/#organization"},"potentialAction":[{"@type":"SearchAction","target":{"@type":"EntryPoint","urlTemplate":"https:\/\/academiacharlotte.com\/?s={search_term_string}"},"query-input":{"@type":"PropertyValueSpecification","valueRequired":true,"valueName":"search_term_string"}}],"inLanguage":"eu"},{"@type":"Organization","@id":"https:\/\/academiacharlotte.com\/#organization","name":"Academia Charlotte","url":"https:\/\/academiacharlotte.com\/","logo":{"@type":"ImageObject","inLanguage":"eu","@id":"https:\/\/academiacharlotte.com\/#\/schema\/logo\/image\/","url":"https:\/\/academiacharlotte.com\/wp-content\/uploads\/2024\/06\/logo-trans.png","contentUrl":"https:\/\/academiacharlotte.com\/wp-content\/uploads\/2024\/06\/logo-trans.png","width":1080,"height":540,"caption":"Academia Charlotte"},"image":{"@id":"https:\/\/academiacharlotte.com\/#\/schema\/logo\/image\/"}}]}},"_links":{"self":[{"href":"https:\/\/academiacharlotte.com\/eu\/wp-json\/wp\/v2\/pages\/34","targetHints":{"allow":["GET"]}}],"collection":[{"href":"https:\/\/academiacharlotte.com\/eu\/wp-json\/wp\/v2\/pages"}],"about":[{"href":"https:\/\/academiacharlotte.com\/eu\/wp-json\/wp\/v2\/types\/page"}],"author":[{"embeddable":true,"href":"https:\/\/academiacharlotte.com\/eu\/wp-json\/wp\/v2\/users\/1"}],"replies":[{"embeddable":true,"href":"https:\/\/academiacharlotte.com\/eu\/wp-json\/wp\/v2\/comments?post=34"}],"version-history":[{"count":10,"href":"https:\/\/academiacharlotte.com\/eu\/wp-json\/wp\/v2\/pages\/34\/revisions"}],"predecessor-version":[{"id":740,"href":"https:\/\/academiacharlotte.com\/eu\/wp-json\/wp\/v2\/pages\/34\/revisions\/740"}],"wp:attachment":[{"href":"https:\/\/academiacharlotte.com\/eu\/wp-json\/wp\/v2\/media?parent=34"}],"curies":[{"name":"wp","href":"https:\/\/api.w.org\/{rel}","templated":true}]}}