{"id":28,"date":"2024-06-14T08:19:53","date_gmt":"2024-06-14T08:19:53","guid":{"rendered":"https:\/\/academiacharlotte.rkinformatika.online\/?page_id=28"},"modified":"2026-02-16T09:04:02","modified_gmt":"2026-02-16T09:04:02","slug":"clases-para-jovenes-de-9-a-17-anos","status":"publish","type":"page","link":"https:\/\/academiacharlotte.com\/eu\/clases-para-jovenes-de-9-a-17-anos\/","title":{"rendered":"Clases para j\u00f3venes (de 9 a 17 a\u00f1os)"},"content":{"rendered":"<div data-elementor-type=\"wp-page\" data-elementor-id=\"28\" class=\"elementor elementor-28\" data-elementor-post-type=\"page\">\n\t\t\t\t\t\t<section class=\"elementor-section elementor-top-section elementor-element elementor-element-ce26035 elementor-section-content-middle elementor-section-boxed elementor-section-height-default elementor-section-height-default\" data-id=\"ce26035\" data-element_type=\"section\" data-e-type=\"section\" data-settings=\"{&quot;background_background&quot;:&quot;classic&quot;}\">\n\t\t\t\t\t\t\t<div class=\"elementor-background-overlay\"><\/div>\n\t\t\t\t\t\t\t<div class=\"elementor-container elementor-column-gap-no\">\n\t\t\t\t\t<div class=\"elementor-column elementor-col-50 elementor-top-column elementor-element elementor-element-b6719b2\" data-id=\"b6719b2\" data-element_type=\"column\" data-e-type=\"column\">\n\t\t\t<div class=\"elementor-widget-wrap\">\n\t\t\t\t\t\t\t<\/div>\n\t\t<\/div>\n\t\t\t\t<div class=\"elementor-column elementor-col-50 elementor-top-column elementor-element elementor-element-7943160\" data-id=\"7943160\" data-element_type=\"column\" data-e-type=\"column\">\n\t\t\t<div class=\"elementor-widget-wrap\">\n\t\t\t\t\t\t\t<\/div>\n\t\t<\/div>\n\t\t\t\t\t<\/div>\n\t\t<\/section>\n\t\t\t\t<section class=\"elementor-section elementor-top-section elementor-element elementor-element-fbbd85f elementor-section-boxed elementor-section-height-default elementor-section-height-default\" data-id=\"fbbd85f\" data-element_type=\"section\" data-e-type=\"section\">\n\t\t\t\t\t\t<div class=\"elementor-container elementor-column-gap-no\">\n\t\t\t\t\t<div class=\"elementor-column elementor-col-50 elementor-top-column elementor-element elementor-element-745729e\" data-id=\"745729e\" data-element_type=\"column\" data-e-type=\"column\">\n\t\t\t<div class=\"elementor-widget-wrap elementor-element-populated\">\n\t\t\t\t\t\t<section class=\"elementor-section elementor-inner-section elementor-element elementor-element-fece4ce elementor-section-boxed elementor-section-height-default elementor-section-height-default\" data-id=\"fece4ce\" data-element_type=\"section\" data-e-type=\"section\">\n\t\t\t\t\t\t<div class=\"elementor-container elementor-column-gap-no\">\n\t\t\t\t\t<div class=\"elementor-column elementor-col-100 elementor-inner-column elementor-element elementor-element-6e251dc\" data-id=\"6e251dc\" data-element_type=\"column\" data-e-type=\"column\">\n\t\t\t<div class=\"elementor-widget-wrap elementor-element-populated\">\n\t\t\t\t\t\t<div class=\"elementor-element elementor-element-1d46b11 elementor-widget__width-initial elementor-invisible elementor-widget elementor-widget-heading\" data-id=\"1d46b11\" data-element_type=\"widget\" data-e-type=\"widget\" data-settings=\"{&quot;_animation&quot;:&quot;fadeInDown&quot;}\" data-widget_type=\"heading.default\">\n\t\t\t\t<div class=\"elementor-widget-container\">\n\t\t\t\t\t<h2 class=\"elementor-heading-title elementor-size-default\">Clases para j\u00f3venes<\/h2>\t\t\t\t<\/div>\n\t\t\t\t<\/div>\n\t\t\t\t<div class=\"elementor-element elementor-element-b581cf8 elementor-invisible elementor-widget elementor-widget-text-editor\" data-id=\"b581cf8\" data-element_type=\"widget\" data-e-type=\"widget\" data-settings=\"{&quot;_animation&quot;:&quot;fadeInUp&quot;}\" data-widget_type=\"text-editor.default\">\n\t\t\t\t<div class=\"elementor-widget-container\">\n\t\t\t\t\t\t\t\t\t<p>&#8211; Grupos de 9-11 a\u00f1os y 12-14 a\u00f1os<\/p><p>&#8211; Una clase de 1h30 por semana<\/p><p>&#8211; Clases din\u00e1micas e interactivas<\/p><p>&#8211; Grupos reducidos<\/p><p>&#8211; Profesora nativa<\/p>\t\t\t\t\t\t\t\t<\/div>\n\t\t\t\t<\/div>\n\t\t\t\t<div class=\"elementor-element elementor-element-cc43578 elementor-invisible elementor-widget elementor-widget-text-editor\" data-id=\"cc43578\" data-element_type=\"widget\" data-e-type=\"widget\" data-settings=\"{&quot;_animation&quot;:&quot;fadeInUp&quot;}\" data-widget_type=\"text-editor.default\">\n\t\t\t\t<div class=\"elementor-widget-container\">\n\t\t\t\t\t\t\t\t\t<p><span class=\"wnd-font-size-140\">&#8211; Grupos de 15-17 a\u00f1os<\/span><\/p><p><span class=\"wnd-font-size-140\">&#8211; 2\u202fh por semana (2 clases de 1\u202fh)<\/span><\/p><p><span class=\"wnd-font-size-140\">&#8211; Clases\u00a0din\u00e1micas e interactivas<\/span><\/p><p><span class=\"wnd-font-size-140\">&#8211; Grupos reducidos <\/span><\/p><p><span class=\"wnd-font-size-150\">&#8211; Profesora nativa\u00a0<\/span><\/p>\t\t\t\t\t\t\t\t<\/div>\n\t\t\t\t<\/div>\n\t\t\t\t\t<\/div>\n\t\t<\/div>\n\t\t\t\t\t<\/div>\n\t\t<\/section>\n\t\t\t\t<div class=\"elementor-element elementor-element-6af8d78 elementor-invisible elementor-widget elementor-widget-button\" data-id=\"6af8d78\" data-element_type=\"widget\" data-e-type=\"widget\" data-settings=\"{&quot;_animation&quot;:&quot;zoomIn&quot;}\" data-widget_type=\"button.default\">\n\t\t\t\t<div class=\"elementor-widget-container\">\n\t\t\t\t\t\t\t\t\t<div class=\"elementor-button-wrapper\">\n\t\t\t\t\t<a class=\"elementor-button elementor-button-link elementor-size-sm elementor-animation-bob\" href=\"https:\/\/academiacharlotte.com\/eu\/contactos\/\">\n\t\t\t\t\t\t<span class=\"elementor-button-content-wrapper\">\n\t\t\t\t\t\t<span class=\"elementor-button-icon\">\n\t\t\t\t<svg aria-hidden=\"true\" class=\"e-font-icon-svg e-fas-angle-right\" viewbox=\"0 0 256 512\" xmlns=\"http:\/\/www.w3.org\/2000\/svg\"><path d=\"M224.3 273l-136 136c-9.4 9.4-24.6 9.4-33.9 0l-22.6-22.6c-9.4-9.4-9.4-24.6 0-33.9l96.4-96.4-96.4-96.4c-9.4-9.4-9.4-24.6 0-33.9L54.3 103c9.4-9.4 24.6-9.4 33.9 0l136 136c9.5 9.4 9.5 24.6.1 34z\"><\/path><\/svg>\t\t\t<\/span>\n\t\t\t\t\t\t\t\t\t<span class=\"elementor-button-text\">Informazio gehiago<\/span>\n\t\t\t\t\t<\/span>\n\t\t\t\t\t<\/a>\n\t\t\t\t<\/div>\n\t\t\t\t\t\t\t\t<\/div>\n\t\t\t\t<\/div>\n\t\t\t\t\t<\/div>\n\t\t<\/div>\n\t\t\t\t<div class=\"elementor-column elementor-col-50 elementor-top-column elementor-element elementor-element-5d80a10\" data-id=\"5d80a10\" data-element_type=\"column\" data-e-type=\"column\">\n\t\t\t<div class=\"elementor-widget-wrap elementor-element-populated\">\n\t\t\t\t\t\t<div class=\"elementor-element elementor-element-123b584 elementor-widget elementor-widget-image\" data-id=\"123b584\" data-element_type=\"widget\" data-e-type=\"widget\" data-widget_type=\"image.default\">\n\t\t\t\t<div class=\"elementor-widget-container\">\n\t\t\t\t\t\t\t\t\t\t\t\t\t\t\t<img fetchpriority=\"high\" decoding=\"async\" width=\"800\" height=\"578\" src=\"https:\/\/academiacharlotte.com\/wp-content\/uploads\/2024\/06\/30n6f0-1024x740.jpg\" class=\"attachment-large size-large wp-image-531\" alt=\"\" srcset=\"https:\/\/academiacharlotte.com\/wp-content\/uploads\/2024\/06\/30n6f0-1024x740.jpg 1024w, https:\/\/academiacharlotte.com\/wp-content\/uploads\/2024\/06\/30n6f0-300x217.jpg 300w, https:\/\/academiacharlotte.com\/wp-content\/uploads\/2024\/06\/30n6f0-768x555.jpg 768w, https:\/\/academiacharlotte.com\/wp-content\/uploads\/2024\/06\/30n6f0-1536x1110.jpg 1536w, https:\/\/academiacharlotte.com\/wp-content\/uploads\/2024\/06\/30n6f0-18x12.jpg 18w, https:\/\/academiacharlotte.com\/wp-content\/uploads\/2024\/06\/30n6f0.jpg 1920w\" sizes=\"(max-width: 800px) 100vw, 800px\" \/>\t\t\t\t\t\t\t\t\t\t\t\t\t\t\t<\/div>\n\t\t\t\t<\/div>\n\t\t\t\t\t<\/div>\n\t\t<\/div>\n\t\t\t\t\t<\/div>\n\t\t<\/section>\n\t\t\t\t<\/div>","protected":false},"excerpt":{"rendered":"<p>Clases para j\u00f3venes &#8211; Grupos de 9-11 a\u00f1os y 12-14 a\u00f1os &#8211; Una clase de 1h30 por semana &#8211; Clases din\u00e1micas e interactivas &#8211; Grupos reducidos &#8211; Profesora nativa &#8211; Grupos de 15-17 a\u00f1os &#8211; 2\u202fh por semana (2 clases de 1\u202fh) &#8211; Clases\u00a0din\u00e1micas e interactivas &#8211; Grupos reducidos &#8211; Profesora nativa\u00a0 M\u00e1s informaci\u00f3n<\/p>","protected":false},"author":1,"featured_media":0,"parent":0,"menu_order":0,"comment_status":"closed","ping_status":"closed","template":"elementor_canvas","meta":{"footnotes":""},"class_list":["post-28","page","type-page","status-publish","hentry"],"yoast_head":"<!-- This site is optimized with the Yoast SEO plugin v27.5 - https:\/\/yoast.com\/product\/yoast-seo-wordpress\/ -->\n<title>Clases para j\u00f3venes (de 9 a 17 a\u00f1os) - Academia Charlotte<\/title>\n<meta name=\"robots\" content=\"index, follow, max-snippet:-1, max-image-preview:large, max-video-preview:-1\" \/>\n<link rel=\"canonical\" href=\"https:\/\/academiacharlotte.com\/eu\/clases-para-jovenes-de-9-a-17-anos\/\" \/>\n<meta property=\"og:locale\" content=\"en_US\" \/>\n<meta property=\"og:type\" content=\"article\" \/>\n<meta property=\"og:title\" content=\"Clases para j\u00f3venes (de 9 a 17 a\u00f1os) - Academia Charlotte\" \/>\n<meta property=\"og:description\" content=\"Clases para j\u00f3venes &#8211; Grupos de 9-11 a\u00f1os y 12-14 a\u00f1os &#8211; Una clase de 1h30 por semana &#8211; Clases din\u00e1micas e interactivas &#8211; Grupos reducidos &#8211; Profesora nativa &#8211; Grupos de 15-17 a\u00f1os &#8211; 2\u202fh por semana (2 clases de 1\u202fh) &#8211; Clases\u00a0din\u00e1micas e interactivas &#8211; Grupos reducidos &#8211; Profesora nativa\u00a0 M\u00e1s informaci\u00f3n\" \/>\n<meta property=\"og:url\" content=\"https:\/\/academiacharlotte.com\/eu\/clases-para-jovenes-de-9-a-17-anos\/\" \/>\n<meta property=\"og:site_name\" content=\"Academia Charlotte\" \/>\n<meta property=\"article:modified_time\" content=\"2026-02-16T09:04:02+00:00\" \/>\n<meta property=\"og:image\" content=\"https:\/\/academiacharlotte.com\/wp-content\/uploads\/2024\/06\/30n6f0.jpg\" \/>\n\t<meta property=\"og:image:width\" content=\"1920\" \/>\n\t<meta property=\"og:image:height\" content=\"1387\" \/>\n\t<meta property=\"og:image:type\" content=\"image\/jpeg\" \/>\n<meta name=\"twitter:card\" content=\"summary_large_image\" \/>\n<meta name=\"twitter:label1\" content=\"Est. reading time\" \/>\n\t<meta name=\"twitter:data1\" content=\"1 minutua\" \/>\n<script type=\"application\/ld+json\" class=\"yoast-schema-graph\">{\"@context\":\"https:\\\/\\\/schema.org\",\"@graph\":[{\"@type\":\"WebPage\",\"@id\":\"https:\\\/\\\/academiacharlotte.com\\\/clases-para-jovenes-de-9-a-17-anos\\\/\",\"url\":\"https:\\\/\\\/academiacharlotte.com\\\/clases-para-jovenes-de-9-a-17-anos\\\/\",\"name\":\"Clases para j\u00f3venes (de 9 a 17 a\u00f1os) - Academia Charlotte\",\"isPartOf\":{\"@id\":\"https:\\\/\\\/academiacharlotte.com\\\/#website\"},\"primaryImageOfPage\":{\"@id\":\"https:\\\/\\\/academiacharlotte.com\\\/clases-para-jovenes-de-9-a-17-anos\\\/#primaryimage\"},\"image\":{\"@id\":\"https:\\\/\\\/academiacharlotte.com\\\/clases-para-jovenes-de-9-a-17-anos\\\/#primaryimage\"},\"thumbnailUrl\":\"https:\\\/\\\/academiacharlotte.com\\\/wp-content\\\/uploads\\\/2024\\\/06\\\/30n6f0-1024x740.jpg\",\"datePublished\":\"2024-06-14T08:19:53+00:00\",\"dateModified\":\"2026-02-16T09:04:02+00:00\",\"breadcrumb\":{\"@id\":\"https:\\\/\\\/academiacharlotte.com\\\/clases-para-jovenes-de-9-a-17-anos\\\/#breadcrumb\"},\"inLanguage\":\"eu\",\"potentialAction\":[{\"@type\":\"ReadAction\",\"target\":[\"https:\\\/\\\/academiacharlotte.com\\\/clases-para-jovenes-de-9-a-17-anos\\\/\"]}]},{\"@type\":\"ImageObject\",\"inLanguage\":\"eu\",\"@id\":\"https:\\\/\\\/academiacharlotte.com\\\/clases-para-jovenes-de-9-a-17-anos\\\/#primaryimage\",\"url\":\"https:\\\/\\\/academiacharlotte.com\\\/wp-content\\\/uploads\\\/2024\\\/06\\\/30n6f0-1024x740.jpg\",\"contentUrl\":\"https:\\\/\\\/academiacharlotte.com\\\/wp-content\\\/uploads\\\/2024\\\/06\\\/30n6f0-1024x740.jpg\"},{\"@type\":\"BreadcrumbList\",\"@id\":\"https:\\\/\\\/academiacharlotte.com\\\/clases-para-jovenes-de-9-a-17-anos\\\/#breadcrumb\",\"itemListElement\":[{\"@type\":\"ListItem\",\"position\":1,\"name\":\"Portada\",\"item\":\"https:\\\/\\\/academiacharlotte.com\\\/\"},{\"@type\":\"ListItem\",\"position\":2,\"name\":\"Clases para j\u00f3venes (de 9 a 17 a\u00f1os)\"}]},{\"@type\":\"WebSite\",\"@id\":\"https:\\\/\\\/academiacharlotte.com\\\/#website\",\"url\":\"https:\\\/\\\/academiacharlotte.com\\\/\",\"name\":\"Academia Charlotte\",\"description\":\"\",\"publisher\":{\"@id\":\"https:\\\/\\\/academiacharlotte.com\\\/#organization\"},\"potentialAction\":[{\"@type\":\"SearchAction\",\"target\":{\"@type\":\"EntryPoint\",\"urlTemplate\":\"https:\\\/\\\/academiacharlotte.com\\\/?s={search_term_string}\"},\"query-input\":{\"@type\":\"PropertyValueSpecification\",\"valueRequired\":true,\"valueName\":\"search_term_string\"}}],\"inLanguage\":\"eu\"},{\"@type\":\"Organization\",\"@id\":\"https:\\\/\\\/academiacharlotte.com\\\/#organization\",\"name\":\"Academia Charlotte\",\"url\":\"https:\\\/\\\/academiacharlotte.com\\\/\",\"logo\":{\"@type\":\"ImageObject\",\"inLanguage\":\"eu\",\"@id\":\"https:\\\/\\\/academiacharlotte.com\\\/#\\\/schema\\\/logo\\\/image\\\/\",\"url\":\"https:\\\/\\\/academiacharlotte.com\\\/wp-content\\\/uploads\\\/2024\\\/06\\\/logo-trans.png\",\"contentUrl\":\"https:\\\/\\\/academiacharlotte.com\\\/wp-content\\\/uploads\\\/2024\\\/06\\\/logo-trans.png\",\"width\":1080,\"height\":540,\"caption\":\"Academia Charlotte\"},\"image\":{\"@id\":\"https:\\\/\\\/academiacharlotte.com\\\/#\\\/schema\\\/logo\\\/image\\\/\"}}]}<\/script>\n<!-- \/ Yoast SEO plugin. -->","yoast_head_json":{"title":"Clases para j\u00f3venes (de 9 a 17 a\u00f1os) - Academia Charlotte","robots":{"index":"index","follow":"follow","max-snippet":"max-snippet:-1","max-image-preview":"max-image-preview:large","max-video-preview":"max-video-preview:-1"},"canonical":"https:\/\/academiacharlotte.com\/eu\/clases-para-jovenes-de-9-a-17-anos\/","og_locale":"en_US","og_type":"article","og_title":"Clases para j\u00f3venes (de 9 a 17 a\u00f1os) - Academia Charlotte","og_description":"Clases para j\u00f3venes &#8211; Grupos de 9-11 a\u00f1os y 12-14 a\u00f1os &#8211; Una clase de 1h30 por semana &#8211; Clases din\u00e1micas e interactivas &#8211; Grupos reducidos &#8211; Profesora nativa &#8211; Grupos de 15-17 a\u00f1os &#8211; 2\u202fh por semana (2 clases de 1\u202fh) &#8211; Clases\u00a0din\u00e1micas e interactivas &#8211; Grupos reducidos &#8211; Profesora nativa\u00a0 M\u00e1s informaci\u00f3n","og_url":"https:\/\/academiacharlotte.com\/eu\/clases-para-jovenes-de-9-a-17-anos\/","og_site_name":"Academia Charlotte","article_modified_time":"2026-02-16T09:04:02+00:00","og_image":[{"width":1920,"height":1387,"url":"https:\/\/academiacharlotte.com\/wp-content\/uploads\/2024\/06\/30n6f0.jpg","type":"image\/jpeg"}],"twitter_card":"summary_large_image","twitter_misc":{"Est. reading time":"1 minutua"},"schema":{"@context":"https:\/\/schema.org","@graph":[{"@type":"WebPage","@id":"https:\/\/academiacharlotte.com\/clases-para-jovenes-de-9-a-17-anos\/","url":"https:\/\/academiacharlotte.com\/clases-para-jovenes-de-9-a-17-anos\/","name":"Clases para j\u00f3venes (de 9 a 17 a\u00f1os) - Academia Charlotte","isPartOf":{"@id":"https:\/\/academiacharlotte.com\/#website"},"primaryImageOfPage":{"@id":"https:\/\/academiacharlotte.com\/clases-para-jovenes-de-9-a-17-anos\/#primaryimage"},"image":{"@id":"https:\/\/academiacharlotte.com\/clases-para-jovenes-de-9-a-17-anos\/#primaryimage"},"thumbnailUrl":"https:\/\/academiacharlotte.com\/wp-content\/uploads\/2024\/06\/30n6f0-1024x740.jpg","datePublished":"2024-06-14T08:19:53+00:00","dateModified":"2026-02-16T09:04:02+00:00","breadcrumb":{"@id":"https:\/\/academiacharlotte.com\/clases-para-jovenes-de-9-a-17-anos\/#breadcrumb"},"inLanguage":"eu","potentialAction":[{"@type":"ReadAction","target":["https:\/\/academiacharlotte.com\/clases-para-jovenes-de-9-a-17-anos\/"]}]},{"@type":"ImageObject","inLanguage":"eu","@id":"https:\/\/academiacharlotte.com\/clases-para-jovenes-de-9-a-17-anos\/#primaryimage","url":"https:\/\/academiacharlotte.com\/wp-content\/uploads\/2024\/06\/30n6f0-1024x740.jpg","contentUrl":"https:\/\/academiacharlotte.com\/wp-content\/uploads\/2024\/06\/30n6f0-1024x740.jpg"},{"@type":"BreadcrumbList","@id":"https:\/\/academiacharlotte.com\/clases-para-jovenes-de-9-a-17-anos\/#breadcrumb","itemListElement":[{"@type":"ListItem","position":1,"name":"Portada","item":"https:\/\/academiacharlotte.com\/"},{"@type":"ListItem","position":2,"name":"Clases para j\u00f3venes (de 9 a 17 a\u00f1os)"}]},{"@type":"WebSite","@id":"https:\/\/academiacharlotte.com\/#website","url":"https:\/\/academiacharlotte.com\/","name":"Academia Charlotte","description":"","publisher":{"@id":"https:\/\/academiacharlotte.com\/#organization"},"potentialAction":[{"@type":"SearchAction","target":{"@type":"EntryPoint","urlTemplate":"https:\/\/academiacharlotte.com\/?s={search_term_string}"},"query-input":{"@type":"PropertyValueSpecification","valueRequired":true,"valueName":"search_term_string"}}],"inLanguage":"eu"},{"@type":"Organization","@id":"https:\/\/academiacharlotte.com\/#organization","name":"Academia Charlotte","url":"https:\/\/academiacharlotte.com\/","logo":{"@type":"ImageObject","inLanguage":"eu","@id":"https:\/\/academiacharlotte.com\/#\/schema\/logo\/image\/","url":"https:\/\/academiacharlotte.com\/wp-content\/uploads\/2024\/06\/logo-trans.png","contentUrl":"https:\/\/academiacharlotte.com\/wp-content\/uploads\/2024\/06\/logo-trans.png","width":1080,"height":540,"caption":"Academia Charlotte"},"image":{"@id":"https:\/\/academiacharlotte.com\/#\/schema\/logo\/image\/"}}]}},"_links":{"self":[{"href":"https:\/\/academiacharlotte.com\/eu\/wp-json\/wp\/v2\/pages\/28","targetHints":{"allow":["GET"]}}],"collection":[{"href":"https:\/\/academiacharlotte.com\/eu\/wp-json\/wp\/v2\/pages"}],"about":[{"href":"https:\/\/academiacharlotte.com\/eu\/wp-json\/wp\/v2\/types\/page"}],"author":[{"embeddable":true,"href":"https:\/\/academiacharlotte.com\/eu\/wp-json\/wp\/v2\/users\/1"}],"replies":[{"embeddable":true,"href":"https:\/\/academiacharlotte.com\/eu\/wp-json\/wp\/v2\/comments?post=28"}],"version-history":[{"count":16,"href":"https:\/\/academiacharlotte.com\/eu\/wp-json\/wp\/v2\/pages\/28\/revisions"}],"predecessor-version":[{"id":734,"href":"https:\/\/academiacharlotte.com\/eu\/wp-json\/wp\/v2\/pages\/28\/revisions\/734"}],"wp:attachment":[{"href":"https:\/\/academiacharlotte.com\/eu\/wp-json\/wp\/v2\/media?parent=28"}],"curies":[{"name":"wp","href":"https:\/\/api.w.org\/{rel}","templated":true}]}}