{"id":26,"date":"2024-06-14T08:19:19","date_gmt":"2024-06-14T08:19:19","guid":{"rendered":"https:\/\/academiacharlotte.rkinformatika.online\/?page_id=26"},"modified":"2026-02-16T09:04:08","modified_gmt":"2026-02-16T09:04:08","slug":"clases-para-ninos-de-4-a-8-anos","status":"publish","type":"page","link":"https:\/\/academiacharlotte.com\/eu\/clases-para-ninos-de-4-a-8-anos\/","title":{"rendered":"Haurrentzako klaseak (4-8 urte)"},"content":{"rendered":"<div data-elementor-type=\"wp-page\" data-elementor-id=\"26\" class=\"elementor elementor-26\" data-elementor-post-type=\"page\">\n\t\t\t\t\t\t<section class=\"elementor-section elementor-top-section elementor-element elementor-element-602695fc elementor-section-content-middle elementor-section-boxed elementor-section-height-default elementor-section-height-default\" data-id=\"602695fc\" data-element_type=\"section\" data-e-type=\"section\" data-settings=\"{&quot;background_background&quot;:&quot;classic&quot;}\">\n\t\t\t\t\t\t\t<div class=\"elementor-background-overlay\"><\/div>\n\t\t\t\t\t\t\t<div class=\"elementor-container elementor-column-gap-no\">\n\t\t\t\t\t<div class=\"elementor-column elementor-col-50 elementor-top-column elementor-element elementor-element-14141dca\" data-id=\"14141dca\" data-element_type=\"column\" data-e-type=\"column\">\n\t\t\t<div class=\"elementor-widget-wrap\">\n\t\t\t\t\t\t\t<\/div>\n\t\t<\/div>\n\t\t\t\t<div class=\"elementor-column elementor-col-50 elementor-top-column elementor-element elementor-element-10d08f38\" data-id=\"10d08f38\" data-element_type=\"column\" data-e-type=\"column\">\n\t\t\t<div class=\"elementor-widget-wrap\">\n\t\t\t\t\t\t\t<\/div>\n\t\t<\/div>\n\t\t\t\t\t<\/div>\n\t\t<\/section>\n\t\t\t\t<section class=\"elementor-section elementor-top-section elementor-element elementor-element-48270215 elementor-section-boxed elementor-section-height-default elementor-section-height-default\" data-id=\"48270215\" data-element_type=\"section\" data-e-type=\"section\">\n\t\t\t\t\t\t<div class=\"elementor-container elementor-column-gap-no\">\n\t\t\t\t\t<div class=\"elementor-column elementor-col-50 elementor-top-column elementor-element elementor-element-37ae6261\" data-id=\"37ae6261\" data-element_type=\"column\" data-e-type=\"column\">\n\t\t\t<div class=\"elementor-widget-wrap elementor-element-populated\">\n\t\t\t\t\t\t<section class=\"elementor-section elementor-inner-section elementor-element elementor-element-70e62caa elementor-section-boxed elementor-section-height-default elementor-section-height-default\" data-id=\"70e62caa\" data-element_type=\"section\" data-e-type=\"section\">\n\t\t\t\t\t\t<div class=\"elementor-container elementor-column-gap-no\">\n\t\t\t\t\t<div class=\"elementor-column elementor-col-100 elementor-inner-column elementor-element elementor-element-7a6adc4d\" data-id=\"7a6adc4d\" data-element_type=\"column\" data-e-type=\"column\">\n\t\t\t<div class=\"elementor-widget-wrap elementor-element-populated\">\n\t\t\t\t\t\t<div class=\"elementor-element elementor-element-3959b2c4 elementor-invisible elementor-widget elementor-widget-heading\" data-id=\"3959b2c4\" data-element_type=\"widget\" data-e-type=\"widget\" data-settings=\"{&quot;_animation&quot;:&quot;fadeInDown&quot;}\" data-widget_type=\"heading.default\">\n\t\t\t\t<div class=\"elementor-widget-container\">\n\t\t\t\t\t<h2 class=\"elementor-heading-title elementor-size-default\">Clases para ni\u00f1os<\/h2>\t\t\t\t<\/div>\n\t\t\t\t<\/div>\n\t\t\t\t<div class=\"elementor-element elementor-element-525e2ff2 elementor-invisible elementor-widget elementor-widget-text-editor\" data-id=\"525e2ff2\" data-element_type=\"widget\" data-e-type=\"widget\" data-settings=\"{&quot;_animation&quot;:&quot;fadeInUp&quot;}\" data-widget_type=\"text-editor.default\">\n\t\t\t\t<div class=\"elementor-widget-container\">\n\t\t\t\t\t\t\t\t\t<p>&#8211; Grupos de 4-6 a\u00f1os y 7-8 a\u00f1os<\/p><p>&#8211; Una clase de 1\u202fh por semana<\/p><p>&#8211; Clases l\u00fadicas y divertidas<\/p><p>&#8211; Grupos reducidos<\/p><p>&#8211; Profesora nativa<\/p>\t\t\t\t\t\t\t\t<\/div>\n\t\t\t\t<\/div>\n\t\t\t\t\t<\/div>\n\t\t<\/div>\n\t\t\t\t\t<\/div>\n\t\t<\/section>\n\t\t\t\t<div class=\"elementor-element elementor-element-4c306552 elementor-invisible elementor-widget elementor-widget-button\" data-id=\"4c306552\" data-element_type=\"widget\" data-e-type=\"widget\" data-settings=\"{&quot;_animation&quot;:&quot;zoomIn&quot;}\" data-widget_type=\"button.default\">\n\t\t\t\t<div class=\"elementor-widget-container\">\n\t\t\t\t\t\t\t\t\t<div class=\"elementor-button-wrapper\">\n\t\t\t\t\t<a class=\"elementor-button elementor-button-link elementor-size-sm elementor-animation-bob\" href=\"https:\/\/academiacharlotte.com\/eu\/contactos\/\">\n\t\t\t\t\t\t<span class=\"elementor-button-content-wrapper\">\n\t\t\t\t\t\t<span class=\"elementor-button-icon\">\n\t\t\t\t<svg aria-hidden=\"true\" class=\"e-font-icon-svg e-fas-angle-right\" viewbox=\"0 0 256 512\" xmlns=\"http:\/\/www.w3.org\/2000\/svg\"><path d=\"M224.3 273l-136 136c-9.4 9.4-24.6 9.4-33.9 0l-22.6-22.6c-9.4-9.4-9.4-24.6 0-33.9l96.4-96.4-96.4-96.4c-9.4-9.4-9.4-24.6 0-33.9L54.3 103c9.4-9.4 24.6-9.4 33.9 0l136 136c9.5 9.4 9.5 24.6.1 34z\"><\/path><\/svg>\t\t\t<\/span>\n\t\t\t\t\t\t\t\t\t<span class=\"elementor-button-text\">Informazio gehiago<\/span>\n\t\t\t\t\t<\/span>\n\t\t\t\t\t<\/a>\n\t\t\t\t<\/div>\n\t\t\t\t\t\t\t\t<\/div>\n\t\t\t\t<\/div>\n\t\t\t\t\t<\/div>\n\t\t<\/div>\n\t\t\t\t<div class=\"elementor-column elementor-col-50 elementor-top-column elementor-element elementor-element-7a864653\" data-id=\"7a864653\" data-element_type=\"column\" data-e-type=\"column\">\n\t\t\t<div class=\"elementor-widget-wrap elementor-element-populated\">\n\t\t\t\t\t\t<div class=\"elementor-element elementor-element-aa73b25 elementor-widget elementor-widget-image\" data-id=\"aa73b25\" data-element_type=\"widget\" data-e-type=\"widget\" data-widget_type=\"image.default\">\n\t\t\t\t<div class=\"elementor-widget-container\">\n\t\t\t\t\t\t\t\t\t\t\t\t\t\t\t<img fetchpriority=\"high\" decoding=\"async\" width=\"800\" height=\"534\" src=\"https:\/\/academiacharlotte.com\/wp-content\/uploads\/2024\/06\/34sy5p-1024x683.jpg\" class=\"attachment-large size-large wp-image-521\" alt=\"\" srcset=\"https:\/\/academiacharlotte.com\/wp-content\/uploads\/2024\/06\/34sy5p-1024x683.jpg 1024w, https:\/\/academiacharlotte.com\/wp-content\/uploads\/2024\/06\/34sy5p-300x200.jpg 300w, https:\/\/academiacharlotte.com\/wp-content\/uploads\/2024\/06\/34sy5p-768x512.jpg 768w, https:\/\/academiacharlotte.com\/wp-content\/uploads\/2024\/06\/34sy5p-1536x1024.jpg 1536w, https:\/\/academiacharlotte.com\/wp-content\/uploads\/2024\/06\/34sy5p-18x12.jpg 18w, https:\/\/academiacharlotte.com\/wp-content\/uploads\/2024\/06\/34sy5p.jpg 1920w\" sizes=\"(max-width: 800px) 100vw, 800px\" \/>\t\t\t\t\t\t\t\t\t\t\t\t\t\t\t<\/div>\n\t\t\t\t<\/div>\n\t\t\t\t\t<\/div>\n\t\t<\/div>\n\t\t\t\t\t<\/div>\n\t\t<\/section>\n\t\t\t\t<\/div>","protected":false},"excerpt":{"rendered":"<p>Clases para ni\u00f1os &#8211; Grupos de 4-6 a\u00f1os y 7-8 a\u00f1os &#8211; Una clase de 1\u202fh por semana &#8211; Clases l\u00fadicas y divertidas &#8211; Grupos reducidos &#8211; Profesora nativa M\u00e1s informaci\u00f3n<\/p>","protected":false},"author":1,"featured_media":0,"parent":0,"menu_order":0,"comment_status":"closed","ping_status":"closed","template":"elementor_canvas","meta":{"footnotes":""},"class_list":["post-26","page","type-page","status-publish","hentry"],"yoast_head":"<!-- This site is optimized with the Yoast SEO plugin v27.5 - https:\/\/yoast.com\/product\/yoast-seo-wordpress\/ -->\n<title>Clases para ni\u00f1os (de 4 a 8 a\u00f1os) - Academia Charlotte<\/title>\n<meta name=\"robots\" content=\"index, follow, max-snippet:-1, max-image-preview:large, max-video-preview:-1\" \/>\n<link rel=\"canonical\" href=\"https:\/\/academiacharlotte.com\/eu\/clases-para-ninos-de-4-a-8-anos\/\" \/>\n<meta property=\"og:locale\" content=\"en_US\" \/>\n<meta property=\"og:type\" content=\"article\" \/>\n<meta property=\"og:title\" content=\"Clases para ni\u00f1os (de 4 a 8 a\u00f1os) - Academia Charlotte\" \/>\n<meta property=\"og:description\" content=\"Clases para ni\u00f1os &#8211; Grupos de 4-6 a\u00f1os y 7-8 a\u00f1os &#8211; Una clase de 1\u202fh por semana &#8211; Clases l\u00fadicas y divertidas &#8211; Grupos reducidos &#8211; Profesora nativa M\u00e1s informaci\u00f3n\" \/>\n<meta property=\"og:url\" content=\"https:\/\/academiacharlotte.com\/eu\/clases-para-ninos-de-4-a-8-anos\/\" \/>\n<meta property=\"og:site_name\" content=\"Academia Charlotte\" \/>\n<meta property=\"article:modified_time\" content=\"2026-02-16T09:04:08+00:00\" \/>\n<meta property=\"og:image\" content=\"https:\/\/academiacharlotte.com\/wp-content\/uploads\/2024\/06\/34sy5p.jpg\" \/>\n\t<meta property=\"og:image:width\" content=\"1920\" \/>\n\t<meta property=\"og:image:height\" content=\"1280\" \/>\n\t<meta property=\"og:image:type\" content=\"image\/jpeg\" \/>\n<meta name=\"twitter:card\" content=\"summary_large_image\" \/>\n<meta name=\"twitter:label1\" content=\"Est. reading time\" \/>\n\t<meta name=\"twitter:data1\" content=\"1 minutua\" \/>\n<script type=\"application\/ld+json\" class=\"yoast-schema-graph\">{\"@context\":\"https:\\\/\\\/schema.org\",\"@graph\":[{\"@type\":\"WebPage\",\"@id\":\"https:\\\/\\\/academiacharlotte.com\\\/clases-para-ninos-de-4-a-8-anos\\\/\",\"url\":\"https:\\\/\\\/academiacharlotte.com\\\/clases-para-ninos-de-4-a-8-anos\\\/\",\"name\":\"Clases para ni\u00f1os (de 4 a 8 a\u00f1os) - Academia Charlotte\",\"isPartOf\":{\"@id\":\"https:\\\/\\\/academiacharlotte.com\\\/#website\"},\"primaryImageOfPage\":{\"@id\":\"https:\\\/\\\/academiacharlotte.com\\\/clases-para-ninos-de-4-a-8-anos\\\/#primaryimage\"},\"image\":{\"@id\":\"https:\\\/\\\/academiacharlotte.com\\\/clases-para-ninos-de-4-a-8-anos\\\/#primaryimage\"},\"thumbnailUrl\":\"https:\\\/\\\/academiacharlotte.com\\\/wp-content\\\/uploads\\\/2024\\\/06\\\/34sy5p-1024x683.jpg\",\"datePublished\":\"2024-06-14T08:19:19+00:00\",\"dateModified\":\"2026-02-16T09:04:08+00:00\",\"breadcrumb\":{\"@id\":\"https:\\\/\\\/academiacharlotte.com\\\/clases-para-ninos-de-4-a-8-anos\\\/#breadcrumb\"},\"inLanguage\":\"eu\",\"potentialAction\":[{\"@type\":\"ReadAction\",\"target\":[\"https:\\\/\\\/academiacharlotte.com\\\/clases-para-ninos-de-4-a-8-anos\\\/\"]}]},{\"@type\":\"ImageObject\",\"inLanguage\":\"eu\",\"@id\":\"https:\\\/\\\/academiacharlotte.com\\\/clases-para-ninos-de-4-a-8-anos\\\/#primaryimage\",\"url\":\"https:\\\/\\\/academiacharlotte.com\\\/wp-content\\\/uploads\\\/2024\\\/06\\\/34sy5p-1024x683.jpg\",\"contentUrl\":\"https:\\\/\\\/academiacharlotte.com\\\/wp-content\\\/uploads\\\/2024\\\/06\\\/34sy5p-1024x683.jpg\"},{\"@type\":\"BreadcrumbList\",\"@id\":\"https:\\\/\\\/academiacharlotte.com\\\/clases-para-ninos-de-4-a-8-anos\\\/#breadcrumb\",\"itemListElement\":[{\"@type\":\"ListItem\",\"position\":1,\"name\":\"Portada\",\"item\":\"https:\\\/\\\/academiacharlotte.com\\\/\"},{\"@type\":\"ListItem\",\"position\":2,\"name\":\"Clases para ni\u00f1os (de 4 a 8 a\u00f1os)\"}]},{\"@type\":\"WebSite\",\"@id\":\"https:\\\/\\\/academiacharlotte.com\\\/#website\",\"url\":\"https:\\\/\\\/academiacharlotte.com\\\/\",\"name\":\"Academia Charlotte\",\"description\":\"\",\"publisher\":{\"@id\":\"https:\\\/\\\/academiacharlotte.com\\\/#organization\"},\"potentialAction\":[{\"@type\":\"SearchAction\",\"target\":{\"@type\":\"EntryPoint\",\"urlTemplate\":\"https:\\\/\\\/academiacharlotte.com\\\/?s={search_term_string}\"},\"query-input\":{\"@type\":\"PropertyValueSpecification\",\"valueRequired\":true,\"valueName\":\"search_term_string\"}}],\"inLanguage\":\"eu\"},{\"@type\":\"Organization\",\"@id\":\"https:\\\/\\\/academiacharlotte.com\\\/#organization\",\"name\":\"Academia Charlotte\",\"url\":\"https:\\\/\\\/academiacharlotte.com\\\/\",\"logo\":{\"@type\":\"ImageObject\",\"inLanguage\":\"eu\",\"@id\":\"https:\\\/\\\/academiacharlotte.com\\\/#\\\/schema\\\/logo\\\/image\\\/\",\"url\":\"https:\\\/\\\/academiacharlotte.com\\\/wp-content\\\/uploads\\\/2024\\\/06\\\/logo-trans.png\",\"contentUrl\":\"https:\\\/\\\/academiacharlotte.com\\\/wp-content\\\/uploads\\\/2024\\\/06\\\/logo-trans.png\",\"width\":1080,\"height\":540,\"caption\":\"Academia Charlotte\"},\"image\":{\"@id\":\"https:\\\/\\\/academiacharlotte.com\\\/#\\\/schema\\\/logo\\\/image\\\/\"}}]}<\/script>\n<!-- \/ Yoast SEO plugin. -->","yoast_head_json":{"title":"Clases para ni\u00f1os (de 4 a 8 a\u00f1os) - Academia Charlotte","robots":{"index":"index","follow":"follow","max-snippet":"max-snippet:-1","max-image-preview":"max-image-preview:large","max-video-preview":"max-video-preview:-1"},"canonical":"https:\/\/academiacharlotte.com\/eu\/clases-para-ninos-de-4-a-8-anos\/","og_locale":"en_US","og_type":"article","og_title":"Clases para ni\u00f1os (de 4 a 8 a\u00f1os) - Academia Charlotte","og_description":"Clases para ni\u00f1os &#8211; Grupos de 4-6 a\u00f1os y 7-8 a\u00f1os &#8211; Una clase de 1\u202fh por semana &#8211; Clases l\u00fadicas y divertidas &#8211; Grupos reducidos &#8211; Profesora nativa M\u00e1s informaci\u00f3n","og_url":"https:\/\/academiacharlotte.com\/eu\/clases-para-ninos-de-4-a-8-anos\/","og_site_name":"Academia Charlotte","article_modified_time":"2026-02-16T09:04:08+00:00","og_image":[{"width":1920,"height":1280,"url":"https:\/\/academiacharlotte.com\/wp-content\/uploads\/2024\/06\/34sy5p.jpg","type":"image\/jpeg"}],"twitter_card":"summary_large_image","twitter_misc":{"Est. reading time":"1 minutua"},"schema":{"@context":"https:\/\/schema.org","@graph":[{"@type":"WebPage","@id":"https:\/\/academiacharlotte.com\/clases-para-ninos-de-4-a-8-anos\/","url":"https:\/\/academiacharlotte.com\/clases-para-ninos-de-4-a-8-anos\/","name":"Clases para ni\u00f1os (de 4 a 8 a\u00f1os) - Academia Charlotte","isPartOf":{"@id":"https:\/\/academiacharlotte.com\/#website"},"primaryImageOfPage":{"@id":"https:\/\/academiacharlotte.com\/clases-para-ninos-de-4-a-8-anos\/#primaryimage"},"image":{"@id":"https:\/\/academiacharlotte.com\/clases-para-ninos-de-4-a-8-anos\/#primaryimage"},"thumbnailUrl":"https:\/\/academiacharlotte.com\/wp-content\/uploads\/2024\/06\/34sy5p-1024x683.jpg","datePublished":"2024-06-14T08:19:19+00:00","dateModified":"2026-02-16T09:04:08+00:00","breadcrumb":{"@id":"https:\/\/academiacharlotte.com\/clases-para-ninos-de-4-a-8-anos\/#breadcrumb"},"inLanguage":"eu","potentialAction":[{"@type":"ReadAction","target":["https:\/\/academiacharlotte.com\/clases-para-ninos-de-4-a-8-anos\/"]}]},{"@type":"ImageObject","inLanguage":"eu","@id":"https:\/\/academiacharlotte.com\/clases-para-ninos-de-4-a-8-anos\/#primaryimage","url":"https:\/\/academiacharlotte.com\/wp-content\/uploads\/2024\/06\/34sy5p-1024x683.jpg","contentUrl":"https:\/\/academiacharlotte.com\/wp-content\/uploads\/2024\/06\/34sy5p-1024x683.jpg"},{"@type":"BreadcrumbList","@id":"https:\/\/academiacharlotte.com\/clases-para-ninos-de-4-a-8-anos\/#breadcrumb","itemListElement":[{"@type":"ListItem","position":1,"name":"Portada","item":"https:\/\/academiacharlotte.com\/"},{"@type":"ListItem","position":2,"name":"Clases para ni\u00f1os (de 4 a 8 a\u00f1os)"}]},{"@type":"WebSite","@id":"https:\/\/academiacharlotte.com\/#website","url":"https:\/\/academiacharlotte.com\/","name":"Academia Charlotte","description":"","publisher":{"@id":"https:\/\/academiacharlotte.com\/#organization"},"potentialAction":[{"@type":"SearchAction","target":{"@type":"EntryPoint","urlTemplate":"https:\/\/academiacharlotte.com\/?s={search_term_string}"},"query-input":{"@type":"PropertyValueSpecification","valueRequired":true,"valueName":"search_term_string"}}],"inLanguage":"eu"},{"@type":"Organization","@id":"https:\/\/academiacharlotte.com\/#organization","name":"Academia Charlotte","url":"https:\/\/academiacharlotte.com\/","logo":{"@type":"ImageObject","inLanguage":"eu","@id":"https:\/\/academiacharlotte.com\/#\/schema\/logo\/image\/","url":"https:\/\/academiacharlotte.com\/wp-content\/uploads\/2024\/06\/logo-trans.png","contentUrl":"https:\/\/academiacharlotte.com\/wp-content\/uploads\/2024\/06\/logo-trans.png","width":1080,"height":540,"caption":"Academia Charlotte"},"image":{"@id":"https:\/\/academiacharlotte.com\/#\/schema\/logo\/image\/"}}]}},"_links":{"self":[{"href":"https:\/\/academiacharlotte.com\/eu\/wp-json\/wp\/v2\/pages\/26","targetHints":{"allow":["GET"]}}],"collection":[{"href":"https:\/\/academiacharlotte.com\/eu\/wp-json\/wp\/v2\/pages"}],"about":[{"href":"https:\/\/academiacharlotte.com\/eu\/wp-json\/wp\/v2\/types\/page"}],"author":[{"embeddable":true,"href":"https:\/\/academiacharlotte.com\/eu\/wp-json\/wp\/v2\/users\/1"}],"replies":[{"embeddable":true,"href":"https:\/\/academiacharlotte.com\/eu\/wp-json\/wp\/v2\/comments?post=26"}],"version-history":[{"count":40,"href":"https:\/\/academiacharlotte.com\/eu\/wp-json\/wp\/v2\/pages\/26\/revisions"}],"predecessor-version":[{"id":737,"href":"https:\/\/academiacharlotte.com\/eu\/wp-json\/wp\/v2\/pages\/26\/revisions\/737"}],"wp:attachment":[{"href":"https:\/\/academiacharlotte.com\/eu\/wp-json\/wp\/v2\/media?parent=26"}],"curies":[{"name":"wp","href":"https:\/\/api.w.org\/{rel}","templated":true}]}}