{"id":16,"date":"2024-06-14T08:15:46","date_gmt":"2024-06-14T08:15:46","guid":{"rendered":"https:\/\/academiacharlotte.rkinformatika.online\/?page_id=16"},"modified":"2024-06-18T13:05:14","modified_gmt":"2024-06-18T13:05:14","slug":"politica-de-privacidad","status":"publish","type":"page","link":"https:\/\/academiacharlotte.com\/eu\/politica-de-privacidad\/","title":{"rendered":"Pribatutasun Politika"},"content":{"rendered":"<div data-elementor-type=\"wp-page\" data-elementor-id=\"16\" class=\"elementor elementor-16\" data-elementor-post-type=\"page\">\n\t\t\t\t<div class=\"elementor-element elementor-element-377f5e55 e-flex e-con-boxed e-con e-parent\" data-id=\"377f5e55\" data-element_type=\"container\" data-e-type=\"container\">\n\t\t\t\t\t<div class=\"e-con-inner\">\n\t\t\t\t<div class=\"elementor-element elementor-element-174198b0 elementor-widget elementor-widget-text-editor\" data-id=\"174198b0\" data-element_type=\"widget\" data-e-type=\"widget\" data-widget_type=\"text-editor.default\">\n\t\t\t\t<div class=\"elementor-widget-container\">\n\t\t\t\t\t\t\t\t\t<p class=\"\">En nuestra Entidad, hemos adaptado nuestros protocolos y pol\u00edticas de privacidad al Reglamento Europeo de Protecci\u00f3n de Datos 679\/2016 (RGPD) y a la LO 3\/2018, de 5 de diciembre, de Protecci\u00f3n de Datos personales y garant\u00eda de los derechos digitales, dado que nos preocupa la seguridad y la protecci\u00f3n de los datos que tratamos.<\/p>\n<p class=\"\"><strong>1.- QUI\u00c9N ES EL RESPONSABLE DEL TRATAMIENTO DE DATOS<\/strong><\/p>\n<p class=\"\"><strong>CHARLOTTE GIRAUD<\/strong>, con domicilio en ARTEKALEA N\u00ba27 BAJO, 48200 DURANGO-BIZKAIA es el responsable del correcto tratamiento de sus datos. Puede Vd. consultar sobre este tratamiento a trav\u00e9s del siguiente mail info@academiacharlotte.com<\/p>\n<p class=\"\"><strong>2.- PARA QU\u00c9 UTILIZAMOS SUS DATOS<\/strong><\/p>\n<p class=\"\">En\u00a0<strong>CHARLOTTE GIRAUD<\/strong>tratamos la informaci\u00f3n que nos facilitan las personas interesadas con el fin de:<\/p>\n<p class=\"\">\u2022 Tramitar y gestionar las solitudes de informaci\u00f3n realizadas en relaci\u00f3n a nuestros servicios.<\/p>\n<p class=\"\"><strong>3.- CU\u00c1L ES LA BASE LEGAL PARA EL TRATAMIENTO DE LOS DATOS<\/strong><\/p>\n<p class=\"\">La utilizaci\u00f3n de los datos que nos ha facilitado a trav\u00e9s del consentimiento, es necesaria para la correcta gesti\u00f3n de las relaciones con los usuarios y, adem\u00e1s, poder cumplir con las obligaciones legales.<\/p>\n<p class=\"\">En cualquier momento puede manifestar su oposici\u00f3n al uso de sus datos y, por lo tanto, dejar sin efecto cualquier tipo de gesti\u00f3n con los mismos, quedando \u00fanicamente sus datos bloqueados durante el tiempo legalmente previsto. Comunicarle que el no consentimiento puede conllevar que los servicios sean imposibles de prestar.<\/p>\n<p class=\"\"><strong>4.- COMUNICACI\u00d3N DE DATOS<\/strong><\/p>\n<p class=\"\">En principio no se ceder\u00e1n datos salvo obligaci\u00f3n legal.<\/p>\n<p class=\"\">Ahora bien, compartiremos sus datos con prestadores de servicios que nos ayudan o dan soporte, o colaboradores externos con quien hemos llegado a acuerdos.<\/p>\n<p class=\"\"><strong>5.- CONSERVACION DE DATOS<\/strong><\/p>\n<p class=\"\">Solamente conservaremos sus datos personales durante el tiempo necesario para cumplir con la finalidad para la que se recaban, mientras que mantengamos una relaci\u00f3n contractual, mientras que exista un requisito legal que lo obligue o mientras que Vd. no ejerza ninguno de los derechos que hagan que no podamos tratar sus datos.<\/p>\n<p class=\"\"><strong>6.- C\u00d3MO PUEDO EJERCER MIS DERECHOS<\/strong><\/p>\n<p class=\"\">Como titular de derechos, Vd. tiene el control de sus datos y, por lo tanto, en cualquier momento puede ejercitar sus derechos, envi\u00e1ndonos un mail info@academiacharlotte.com<\/p>\n<p class=\"\">Los derechos que puede ejercitar son:<\/p>\n<ul>\n<li><strong>Acceso \u2013\u00a0<\/strong>Podr\u00e1 consultar sus datos personales tratados por esta Entidad<\/li>\n<li><strong>Rectificaci\u00f3n<\/strong>\u00a0\u2013 Podr\u00e1 modificar sus datos personales cuando sean inexactos<\/li>\n<li><strong>Supresi\u00f3n<\/strong>\u00a0\u2013 Podr\u00e1 solicitar la eliminaci\u00f3n de sus datos personales<\/li>\n<li><strong>Oposici\u00f3n<\/strong>\u00a0\u2013 Podr\u00e1 solicitar que no se trate alguno de sus datos personales<\/li>\n<li><strong>Limitaci\u00f3n del Tratamiento<\/strong>\u00a0\u2013 Podr\u00e1 solicitar la limitaci\u00f3n al tratamiento de sus datos personales en determinadas circunstancias<\/li>\n<li><strong>Portabilidad<\/strong>\u00a0\u2013 Podr\u00e1 recibir los datos personales que nos haya facilitado o que hayamos obtenido en nuestra relaci\u00f3n contractual, as\u00ed como trasmitirlos a otra Entidad<\/li>\n<\/ul>\n<p class=\"\">Se informa a los usuarios, que tiene\u00a0<strong>derecho a revocar<\/strong>\u00a0el consentimiento en cualquier momento, sin que ello afecte a la licitud del tratamiento basado en el consentimiento previo a su retirada.<\/p>\n<p class=\"\">As\u00ed mismo se informa a los interesados de que pueden presentar una reclamaci\u00f3n ante la Autoridad de Control en materia de Protecci\u00f3n de Datos competente, especialmente cuando no haya obtenido satisfacci\u00f3n en el ejercicio de sus derechos.<\/p>\n<p class=\"\">Para ejercitar sus derechos, acompa\u00f1e a su solicitud una copia de su DNI o documento equivalente acreditativo de su identidad.<\/p>\t\t\t\t\t\t\t\t<\/div>\n\t\t\t\t<\/div>\n\t\t\t\t\t<\/div>\n\t\t\t\t<\/div>\n\t\t\t\t<\/div>","protected":false},"excerpt":{"rendered":"<p>En nuestra Entidad, hemos adaptado nuestros protocolos y pol\u00edticas de privacidad al Reglamento Europeo de Protecci\u00f3n de Datos 679\/2016 (RGPD) y a la LO 3\/2018, de 5 de diciembre, de Protecci\u00f3n de Datos personales y garant\u00eda de los derechos digitales, dado que nos preocupa la seguridad y la protecci\u00f3n de los datos que tratamos. 1.- [&hellip;]<\/p>\n","protected":false},"author":1,"featured_media":0,"parent":0,"menu_order":0,"comment_status":"closed","ping_status":"closed","template":"elementor_canvas","meta":{"footnotes":""},"class_list":["post-16","page","type-page","status-publish","hentry"],"yoast_head":"<!-- This site is optimized with the Yoast SEO plugin v27.5 - https:\/\/yoast.com\/product\/yoast-seo-wordpress\/ -->\n<title>Pol\u00edtica de Privacidad - Academia Charlotte<\/title>\n<meta name=\"robots\" content=\"index, follow, max-snippet:-1, max-image-preview:large, max-video-preview:-1\" \/>\n<link rel=\"canonical\" href=\"https:\/\/academiacharlotte.com\/eu\/politica-de-privacidad\/\" \/>\n<meta property=\"og:locale\" content=\"en_US\" \/>\n<meta property=\"og:type\" content=\"article\" \/>\n<meta property=\"og:title\" content=\"Pol\u00edtica de Privacidad - Academia Charlotte\" \/>\n<meta property=\"og:description\" content=\"En nuestra Entidad, hemos adaptado nuestros protocolos y pol\u00edticas de privacidad al Reglamento Europeo de Protecci\u00f3n de Datos 679\/2016 (RGPD) y a la LO 3\/2018, de 5 de diciembre, de Protecci\u00f3n de Datos personales y garant\u00eda de los derechos digitales, dado que nos preocupa la seguridad y la protecci\u00f3n de los datos que tratamos. 1.- [&hellip;]\" \/>\n<meta property=\"og:url\" content=\"https:\/\/academiacharlotte.com\/eu\/politica-de-privacidad\/\" \/>\n<meta property=\"og:site_name\" content=\"Academia Charlotte\" \/>\n<meta property=\"article:modified_time\" content=\"2024-06-18T13:05:14+00:00\" \/>\n<meta name=\"twitter:card\" content=\"summary_large_image\" \/>\n<meta name=\"twitter:label1\" content=\"Est. reading time\" \/>\n\t<meta name=\"twitter:data1\" content=\"3 minutua\" \/>\n<script type=\"application\/ld+json\" class=\"yoast-schema-graph\">{\"@context\":\"https:\\\/\\\/schema.org\",\"@graph\":[{\"@type\":\"WebPage\",\"@id\":\"https:\\\/\\\/academiacharlotte.com\\\/politica-de-privacidad\\\/\",\"url\":\"https:\\\/\\\/academiacharlotte.com\\\/politica-de-privacidad\\\/\",\"name\":\"Pol\u00edtica de Privacidad - Academia Charlotte\",\"isPartOf\":{\"@id\":\"https:\\\/\\\/academiacharlotte.com\\\/#website\"},\"datePublished\":\"2024-06-14T08:15:46+00:00\",\"dateModified\":\"2024-06-18T13:05:14+00:00\",\"breadcrumb\":{\"@id\":\"https:\\\/\\\/academiacharlotte.com\\\/politica-de-privacidad\\\/#breadcrumb\"},\"inLanguage\":\"eu\",\"potentialAction\":[{\"@type\":\"ReadAction\",\"target\":[\"https:\\\/\\\/academiacharlotte.com\\\/politica-de-privacidad\\\/\"]}]},{\"@type\":\"BreadcrumbList\",\"@id\":\"https:\\\/\\\/academiacharlotte.com\\\/politica-de-privacidad\\\/#breadcrumb\",\"itemListElement\":[{\"@type\":\"ListItem\",\"position\":1,\"name\":\"Portada\",\"item\":\"https:\\\/\\\/academiacharlotte.com\\\/\"},{\"@type\":\"ListItem\",\"position\":2,\"name\":\"Pol\u00edtica de Privacidad\"}]},{\"@type\":\"WebSite\",\"@id\":\"https:\\\/\\\/academiacharlotte.com\\\/#website\",\"url\":\"https:\\\/\\\/academiacharlotte.com\\\/\",\"name\":\"Academia Charlotte\",\"description\":\"\",\"publisher\":{\"@id\":\"https:\\\/\\\/academiacharlotte.com\\\/#organization\"},\"potentialAction\":[{\"@type\":\"SearchAction\",\"target\":{\"@type\":\"EntryPoint\",\"urlTemplate\":\"https:\\\/\\\/academiacharlotte.com\\\/?s={search_term_string}\"},\"query-input\":{\"@type\":\"PropertyValueSpecification\",\"valueRequired\":true,\"valueName\":\"search_term_string\"}}],\"inLanguage\":\"eu\"},{\"@type\":\"Organization\",\"@id\":\"https:\\\/\\\/academiacharlotte.com\\\/#organization\",\"name\":\"Academia Charlotte\",\"url\":\"https:\\\/\\\/academiacharlotte.com\\\/\",\"logo\":{\"@type\":\"ImageObject\",\"inLanguage\":\"eu\",\"@id\":\"https:\\\/\\\/academiacharlotte.com\\\/#\\\/schema\\\/logo\\\/image\\\/\",\"url\":\"https:\\\/\\\/academiacharlotte.com\\\/wp-content\\\/uploads\\\/2024\\\/06\\\/logo-trans.png\",\"contentUrl\":\"https:\\\/\\\/academiacharlotte.com\\\/wp-content\\\/uploads\\\/2024\\\/06\\\/logo-trans.png\",\"width\":1080,\"height\":540,\"caption\":\"Academia Charlotte\"},\"image\":{\"@id\":\"https:\\\/\\\/academiacharlotte.com\\\/#\\\/schema\\\/logo\\\/image\\\/\"}}]}<\/script>\n<!-- \/ Yoast SEO plugin. -->","yoast_head_json":{"title":"Pol\u00edtica de Privacidad - Academia Charlotte","robots":{"index":"index","follow":"follow","max-snippet":"max-snippet:-1","max-image-preview":"max-image-preview:large","max-video-preview":"max-video-preview:-1"},"canonical":"https:\/\/academiacharlotte.com\/eu\/politica-de-privacidad\/","og_locale":"en_US","og_type":"article","og_title":"Pol\u00edtica de Privacidad - Academia Charlotte","og_description":"En nuestra Entidad, hemos adaptado nuestros protocolos y pol\u00edticas de privacidad al Reglamento Europeo de Protecci\u00f3n de Datos 679\/2016 (RGPD) y a la LO 3\/2018, de 5 de diciembre, de Protecci\u00f3n de Datos personales y garant\u00eda de los derechos digitales, dado que nos preocupa la seguridad y la protecci\u00f3n de los datos que tratamos. 1.- [&hellip;]","og_url":"https:\/\/academiacharlotte.com\/eu\/politica-de-privacidad\/","og_site_name":"Academia Charlotte","article_modified_time":"2024-06-18T13:05:14+00:00","twitter_card":"summary_large_image","twitter_misc":{"Est. reading time":"3 minutua"},"schema":{"@context":"https:\/\/schema.org","@graph":[{"@type":"WebPage","@id":"https:\/\/academiacharlotte.com\/politica-de-privacidad\/","url":"https:\/\/academiacharlotte.com\/politica-de-privacidad\/","name":"Pol\u00edtica de Privacidad - Academia Charlotte","isPartOf":{"@id":"https:\/\/academiacharlotte.com\/#website"},"datePublished":"2024-06-14T08:15:46+00:00","dateModified":"2024-06-18T13:05:14+00:00","breadcrumb":{"@id":"https:\/\/academiacharlotte.com\/politica-de-privacidad\/#breadcrumb"},"inLanguage":"eu","potentialAction":[{"@type":"ReadAction","target":["https:\/\/academiacharlotte.com\/politica-de-privacidad\/"]}]},{"@type":"BreadcrumbList","@id":"https:\/\/academiacharlotte.com\/politica-de-privacidad\/#breadcrumb","itemListElement":[{"@type":"ListItem","position":1,"name":"Portada","item":"https:\/\/academiacharlotte.com\/"},{"@type":"ListItem","position":2,"name":"Pol\u00edtica de Privacidad"}]},{"@type":"WebSite","@id":"https:\/\/academiacharlotte.com\/#website","url":"https:\/\/academiacharlotte.com\/","name":"Academia Charlotte","description":"","publisher":{"@id":"https:\/\/academiacharlotte.com\/#organization"},"potentialAction":[{"@type":"SearchAction","target":{"@type":"EntryPoint","urlTemplate":"https:\/\/academiacharlotte.com\/?s={search_term_string}"},"query-input":{"@type":"PropertyValueSpecification","valueRequired":true,"valueName":"search_term_string"}}],"inLanguage":"eu"},{"@type":"Organization","@id":"https:\/\/academiacharlotte.com\/#organization","name":"Academia Charlotte","url":"https:\/\/academiacharlotte.com\/","logo":{"@type":"ImageObject","inLanguage":"eu","@id":"https:\/\/academiacharlotte.com\/#\/schema\/logo\/image\/","url":"https:\/\/academiacharlotte.com\/wp-content\/uploads\/2024\/06\/logo-trans.png","contentUrl":"https:\/\/academiacharlotte.com\/wp-content\/uploads\/2024\/06\/logo-trans.png","width":1080,"height":540,"caption":"Academia Charlotte"},"image":{"@id":"https:\/\/academiacharlotte.com\/#\/schema\/logo\/image\/"}}]}},"_links":{"self":[{"href":"https:\/\/academiacharlotte.com\/eu\/wp-json\/wp\/v2\/pages\/16","targetHints":{"allow":["GET"]}}],"collection":[{"href":"https:\/\/academiacharlotte.com\/eu\/wp-json\/wp\/v2\/pages"}],"about":[{"href":"https:\/\/academiacharlotte.com\/eu\/wp-json\/wp\/v2\/types\/page"}],"author":[{"embeddable":true,"href":"https:\/\/academiacharlotte.com\/eu\/wp-json\/wp\/v2\/users\/1"}],"replies":[{"embeddable":true,"href":"https:\/\/academiacharlotte.com\/eu\/wp-json\/wp\/v2\/comments?post=16"}],"version-history":[{"count":4,"href":"https:\/\/academiacharlotte.com\/eu\/wp-json\/wp\/v2\/pages\/16\/revisions"}],"predecessor-version":[{"id":636,"href":"https:\/\/academiacharlotte.com\/eu\/wp-json\/wp\/v2\/pages\/16\/revisions\/636"}],"wp:attachment":[{"href":"https:\/\/academiacharlotte.com\/eu\/wp-json\/wp\/v2\/media?parent=16"}],"curies":[{"name":"wp","href":"https:\/\/api.w.org\/{rel}","templated":true}]}}